{"id":1368,"date":"2020-09-17T07:20:30","date_gmt":"2020-09-17T07:20:30","guid":{"rendered":"http:\/\/elevenaccounting.com\/?page_id=1368"},"modified":"2025-09-14T05:53:09","modified_gmt":"2025-09-14T05:53:09","slug":"about","status":"publish","type":"page","link":"https:\/\/elevenaccounting.com\/tr\/about\/","title":{"rendered":"Hakk\u0131m\u0131zda"},"content":{"rendered":"<h4 class=\"wp-block-heading has-text-align-center\"><strong>Eleven Accounting<\/strong><\/h4>\n\n\n\n<div style=\"height:16px\" aria-hidden=\"true\" class=\"wp-block-spacer\"><\/div>\n\n\n\n<p>Eleven Accounting, Los Angeles merkezli bir muhasebe \u015firketidir ve Amerika genelinde, 50 eyalette hizmet sa\u011flamaktad\u0131r. \u0130\u015fletmenizin mali a\u00e7\u0131dan d\u00fczenli i\u015flemesini, vergi yasalar\u0131na uyum g\u00f6stermesini ve do\u011fru finansal kararlar almas\u0131n\u0131 sa\u011flamay\u0131 ama\u00e7l\u0131yoruz. Hedeflerinizi anlamak i\u00e7in sizinle birlikte \u00e7al\u0131\u015farak, \u00f6zel muhasebe \u00e7\u00f6z\u00fcmleri geli\u015ftiriyoruz.<\/p>\n\n\n\n<h4 class=\"wp-block-heading has-text-align-center\"><strong>Ekibimizi Tan\u0131y\u0131n<\/strong><\/h4>\n\n\n\n<p><\/p>\n\n\n\n<div class=\"wp-block-media-text alignwide is-vertically-aligned-center is-image-fill-element is-stacked-on-mobile\" style=\"grid-template-columns:23% auto\"><figure class=\"wp-block-media-text__media\"><img loading=\"lazy\" decoding=\"async\" width=\"1024\" height=\"1024\" src=\"https:\/\/elevenaccounting.com\/wp-content\/uploads\/2025\/08\/profile-pic7.png\" alt=\"\" class=\"wp-image-2897 size-full\" style=\"object-position:50% 50%\" srcset=\"https:\/\/elevenaccounting.com\/wp-content\/uploads\/2025\/08\/profile-pic7.png 1024w, https:\/\/elevenaccounting.com\/wp-content\/uploads\/2025\/08\/profile-pic7-300x300.png 300w, https:\/\/elevenaccounting.com\/wp-content\/uploads\/2025\/08\/profile-pic7-150x150.png 150w, https:\/\/elevenaccounting.com\/wp-content\/uploads\/2025\/08\/profile-pic7-768x768.png 768w, https:\/\/elevenaccounting.com\/wp-content\/uploads\/2025\/08\/profile-pic7-12x12.png 12w\" sizes=\"auto, (max-width: 1024px) 100vw, 1024px\" \/><\/figure><div class=\"wp-block-media-text__content\">\n<h5 class=\"wp-block-heading has-text-align-left\"><strong>Ahmet G\u00fcven<\/strong><br><em>CEO<\/em><\/h5>\n\n\n\n<p>Ahmet G\u00fcven, Eleven Accounting'in kurucusudur. 10 y\u0131l\u0131 a\u015fk\u0131n deneyimiyle muhasebe, vergi ve finans dan\u0131\u015fmanl\u0131\u011f\u0131 hizmetleri vermektedir. IRS taraf\u0131ndan verilen en y\u00fcksek stat\u00fc olan \"Enrolled Agent\" \u00fcnvan\u0131na sahiptir. Ayr\u0131ca, sertifikal\u0131 QuickBooks ProAdvisor'd\u0131r.<\/p>\n\n\n\n<p>Ahmet G\u00fcven, National Association of Tax Professionals (NATP) \u00fcyesidir.<\/p>\n<\/div><\/div>\n\n\n\n<div style=\"height:53px\" aria-hidden=\"true\" class=\"wp-block-spacer\"><\/div>\n\n\n\n<div class=\"wp-block-media-text alignwide is-stacked-on-mobile is-vertically-aligned-center is-image-fill-element\" style=\"grid-template-columns:23% auto\"><figure class=\"wp-block-media-text__media\"><img loading=\"lazy\" decoding=\"async\" width=\"1024\" height=\"1024\" src=\"https:\/\/elevenaccounting.com\/wp-content\/uploads\/2025\/08\/profile-pic11.png\" alt=\"\" class=\"wp-image-2907 size-full\" style=\"object-position:50% 50%\" srcset=\"https:\/\/elevenaccounting.com\/wp-content\/uploads\/2025\/08\/profile-pic11.png 1024w, https:\/\/elevenaccounting.com\/wp-content\/uploads\/2025\/08\/profile-pic11-300x300.png 300w, https:\/\/elevenaccounting.com\/wp-content\/uploads\/2025\/08\/profile-pic11-150x150.png 150w, https:\/\/elevenaccounting.com\/wp-content\/uploads\/2025\/08\/profile-pic11-768x768.png 768w, https:\/\/elevenaccounting.com\/wp-content\/uploads\/2025\/08\/profile-pic11-12x12.png 12w\" sizes=\"auto, (max-width: 1024px) 100vw, 1024px\" \/><\/figure><div class=\"wp-block-media-text__content\">\n<h5 class=\"wp-block-heading has-text-align-left\"><strong>Samet Ay<\/strong><br><em>Muhasebe Uzman\u0131<\/em><\/h5>\n\n\n\n<p>Samet Ay, muhasebe ve finansal raporlama konular\u0131nda uzmand\u0131r. Ayr\u0131ca \u015firket kurulu\u015fu, dan\u0131\u015fmanl\u0131\u011f\u0131 ve bireysel vergi konular\u0131nda da destek vermektedir.<\/p>\n<\/div><\/div>\n\n\n\n<div style=\"height:53px\" aria-hidden=\"true\" class=\"wp-block-spacer\"><\/div>\n\n\n\n<div class=\"wp-block-media-text alignwide is-stacked-on-mobile is-vertically-aligned-center is-image-fill-element\" style=\"grid-template-columns:23% auto\"><figure class=\"wp-block-media-text__media\"><img loading=\"lazy\" decoding=\"async\" width=\"1024\" height=\"1024\" src=\"https:\/\/elevenaccounting.com\/wp-content\/uploads\/2025\/09\/profile-pic-4.png\" alt=\"\" class=\"wp-image-2989 size-full\" style=\"object-position:50% 50%\" srcset=\"https:\/\/elevenaccounting.com\/wp-content\/uploads\/2025\/09\/profile-pic-4.png 1024w, https:\/\/elevenaccounting.com\/wp-content\/uploads\/2025\/09\/profile-pic-4-300x300.png 300w, https:\/\/elevenaccounting.com\/wp-content\/uploads\/2025\/09\/profile-pic-4-150x150.png 150w, https:\/\/elevenaccounting.com\/wp-content\/uploads\/2025\/09\/profile-pic-4-768x768.png 768w, https:\/\/elevenaccounting.com\/wp-content\/uploads\/2025\/09\/profile-pic-4-12x12.png 12w\" sizes=\"auto, (max-width: 1024px) 100vw, 1024px\" \/><\/figure><div class=\"wp-block-media-text__content\">\n<h5 class=\"wp-block-heading has-text-align-left\"><strong>Emre G\u00fcven<\/strong><br><em>Muhasebe Uzman Yard\u0131mc\u0131s\u0131<\/em><\/h5>\n\n\n\n<p>Emre G\u00fcven, QuickBooks, faturalama ve m\u00fc\u015fteri ili\u015fkileri alanlar\u0131nda destek sa\u011flamaktad\u0131r. Dosyalama ve teknoloji s\u00fcre\u00e7lerinde de aktif rol almaktad\u0131r.<\/p>\n<\/div><\/div>\n\n\n\n<div class=\"wp-block-columns is-layout-flex wp-container-core-columns-is-layout-28f84493 wp-block-columns-is-layout-flex\">\n<div class=\"wp-block-column is-layout-flow wp-block-column-is-layout-flow\">\n<div style=\"height:53px\" aria-hidden=\"true\" class=\"wp-block-spacer\"><\/div>\n<\/div>\n<\/div>\n\n\n\n<p><\/p>","protected":false},"excerpt":{"rendered":"<p>Eleven Accounting Eleven Accounting is a full-service accounting firm based in Los Angeles, CA. We offer a wide range of services, including bookkeeping, tax, and finance consulting. Our team is dedicated to helping businesses stay organized, ensure compliance with tax laws, and make confident financial decisions. We take the time to understand your unique challenges [&hellip;]<\/p>\n","protected":false},"author":1,"featured_media":0,"parent":0,"menu_order":0,"comment_status":"closed","ping_status":"closed","template":"","meta":{"site-sidebar-layout":"no-sidebar","site-content-layout":"plain-container","ast-site-content-layout":"normal-width-container","site-content-style":"unboxed","site-sidebar-style":"unboxed","ast-global-header-display":"","ast-banner-title-visibility":"","ast-main-header-display":"","ast-hfb-above-header-display":"","ast-hfb-below-header-display":"","ast-hfb-mobile-header-display":"","site-post-title":"disabled","ast-breadcrumbs-content":"","ast-featured-img":"disabled","footer-sml-layout":"","ast-disable-related-posts":"","theme-transparent-header-meta":"default","adv-header-id-meta":"","stick-header-meta":"","header-above-stick-meta":"","header-main-stick-meta":"","header-below-stick-meta":"","astra-migrate-meta-layouts":"set","ast-page-background-enabled":"default","ast-page-background-meta":{"desktop":{"background-color":"","background-image":"","background-repeat":"repeat","background-position":"center center","background-size":"auto","background-attachment":"scroll","background-type":"","background-media":"","overlay-type":"","overlay-color":"","overlay-opacity":"","overlay-gradient":""},"tablet":{"background-color":"","background-image":"","background-repeat":"repeat","background-position":"center center","background-size":"auto","background-attachment":"scroll","background-type":"","background-media":"","overlay-type":"","overlay-color":"","overlay-opacity":"","overlay-gradient":""},"mobile":{"background-color":"","background-image":"","background-repeat":"repeat","background-position":"center center","background-size":"auto","background-attachment":"scroll","background-type":"","background-media":"","overlay-type":"","overlay-color":"","overlay-opacity":"","overlay-gradient":""}},"ast-content-background-meta":{"desktop":{"background-color":"var(--ast-global-color-5)","background-image":"","background-repeat":"repeat","background-position":"center center","background-size":"auto","background-attachment":"scroll","background-type":"","background-media":"","overlay-type":"","overlay-color":"","overlay-opacity":"","overlay-gradient":""},"tablet":{"background-color":"var(--ast-global-color-5)","background-image":"","background-repeat":"repeat","background-position":"center center","background-size":"auto","background-attachment":"scroll","background-type":"","background-media":"","overlay-type":"","overlay-color":"","overlay-opacity":"","overlay-gradient":""},"mobile":{"background-color":"var(--ast-global-color-5)","background-image":"","background-repeat":"repeat","background-position":"center center","background-size":"auto","background-attachment":"scroll","background-type":"","background-media":"","overlay-type":"","overlay-color":"","overlay-opacity":"","overlay-gradient":""}},"footnotes":""},"class_list":["post-1368","page","type-page","status-publish","hentry"],"yoast_head":"<!-- This site is optimized with the Yoast SEO plugin v27.5 - https:\/\/yoast.com\/product\/yoast-seo-wordpress\/ -->\n<title>About - Eleven Accounting<\/title>\n<meta name=\"robots\" content=\"index, follow, max-snippet:-1, max-image-preview:large, max-video-preview:-1\" \/>\n<link rel=\"canonical\" href=\"https:\/\/elevenaccounting.com\/tr\/about\/\" \/>\n<meta property=\"og:locale\" content=\"tr_TR\" \/>\n<meta property=\"og:type\" content=\"article\" \/>\n<meta property=\"og:title\" content=\"About - Eleven Accounting\" \/>\n<meta property=\"og:description\" content=\"Eleven Accounting Eleven Accounting is a full-service accounting firm based in Los Angeles, CA. We offer a wide range of services, including bookkeeping, tax, and finance consulting. Our team is dedicated to helping businesses stay organized, ensure compliance with tax laws, and make confident financial decisions. We take the time to understand your unique challenges [&hellip;]\" \/>\n<meta property=\"og:url\" content=\"https:\/\/elevenaccounting.com\/tr\/about\/\" \/>\n<meta property=\"og:site_name\" content=\"Eleven Accounting\" \/>\n<meta property=\"article:modified_time\" content=\"2025-09-14T05:53:09+00:00\" \/>\n<meta property=\"og:image\" content=\"https:\/\/elevenaccounting.com\/wp-content\/uploads\/2025\/08\/profile-pic7.png\" \/>\n\t<meta property=\"og:image:width\" content=\"1024\" \/>\n\t<meta property=\"og:image:height\" content=\"1024\" \/>\n\t<meta property=\"og:image:type\" content=\"image\/png\" \/>\n<meta name=\"twitter:card\" content=\"summary_large_image\" \/>\n<meta name=\"twitter:label1\" content=\"Tahmini okuma s\u00fcresi\" \/>\n\t<meta name=\"twitter:data1\" content=\"2 dakika\" \/>\n<script type=\"application\/ld+json\" class=\"yoast-schema-graph\">{\"@context\":\"https:\\\/\\\/schema.org\",\"@graph\":[{\"@type\":\"WebPage\",\"@id\":\"https:\\\/\\\/elevenaccounting.com\\\/about\\\/\",\"url\":\"https:\\\/\\\/elevenaccounting.com\\\/about\\\/\",\"name\":\"About - Eleven Accounting\",\"isPartOf\":{\"@id\":\"https:\\\/\\\/elevenaccounting.com\\\/#website\"},\"primaryImageOfPage\":{\"@id\":\"https:\\\/\\\/elevenaccounting.com\\\/about\\\/#primaryimage\"},\"image\":{\"@id\":\"https:\\\/\\\/elevenaccounting.com\\\/about\\\/#primaryimage\"},\"thumbnailUrl\":\"https:\\\/\\\/elevenaccounting.com\\\/wp-content\\\/uploads\\\/2025\\\/08\\\/profile-pic7.png\",\"datePublished\":\"2020-09-17T07:20:30+00:00\",\"dateModified\":\"2025-09-14T05:53:09+00:00\",\"breadcrumb\":{\"@id\":\"https:\\\/\\\/elevenaccounting.com\\\/about\\\/#breadcrumb\"},\"inLanguage\":\"tr\",\"potentialAction\":[{\"@type\":\"ReadAction\",\"target\":[\"https:\\\/\\\/elevenaccounting.com\\\/about\\\/\"]}]},{\"@type\":\"ImageObject\",\"inLanguage\":\"tr\",\"@id\":\"https:\\\/\\\/elevenaccounting.com\\\/about\\\/#primaryimage\",\"url\":\"https:\\\/\\\/elevenaccounting.com\\\/wp-content\\\/uploads\\\/2025\\\/08\\\/profile-pic7.png\",\"contentUrl\":\"https:\\\/\\\/elevenaccounting.com\\\/wp-content\\\/uploads\\\/2025\\\/08\\\/profile-pic7.png\"},{\"@type\":\"BreadcrumbList\",\"@id\":\"https:\\\/\\\/elevenaccounting.com\\\/about\\\/#breadcrumb\",\"itemListElement\":[{\"@type\":\"ListItem\",\"position\":1,\"name\":\"Home\",\"item\":\"https:\\\/\\\/elevenaccounting.com\\\/\"},{\"@type\":\"ListItem\",\"position\":2,\"name\":\"About\"}]},{\"@type\":\"WebSite\",\"@id\":\"https:\\\/\\\/elevenaccounting.com\\\/#website\",\"url\":\"https:\\\/\\\/elevenaccounting.com\\\/\",\"name\":\"Eleven Accounting\",\"description\":\"\",\"publisher\":{\"@id\":\"https:\\\/\\\/elevenaccounting.com\\\/#organization\"},\"potentialAction\":[{\"@type\":\"SearchAction\",\"target\":{\"@type\":\"EntryPoint\",\"urlTemplate\":\"https:\\\/\\\/elevenaccounting.com\\\/?s={search_term_string}\"},\"query-input\":{\"@type\":\"PropertyValueSpecification\",\"valueRequired\":true,\"valueName\":\"search_term_string\"}}],\"inLanguage\":\"tr\"},{\"@type\":\"Organization\",\"@id\":\"https:\\\/\\\/elevenaccounting.com\\\/#organization\",\"name\":\"Eleven Accounting\",\"url\":\"https:\\\/\\\/elevenaccounting.com\\\/\",\"logo\":{\"@type\":\"ImageObject\",\"inLanguage\":\"tr\",\"@id\":\"https:\\\/\\\/elevenaccounting.com\\\/#\\\/schema\\\/logo\\\/image\\\/\",\"url\":\"https:\\\/\\\/elevenaccounting.com\\\/wp-content\\\/uploads\\\/2022\\\/04\\\/cropped-Original-1-1.png\",\"contentUrl\":\"https:\\\/\\\/elevenaccounting.com\\\/wp-content\\\/uploads\\\/2022\\\/04\\\/cropped-Original-1-1.png\",\"width\":512,\"height\":512,\"caption\":\"Eleven Accounting\"},\"image\":{\"@id\":\"https:\\\/\\\/elevenaccounting.com\\\/#\\\/schema\\\/logo\\\/image\\\/\"}}]}<\/script>\n<!-- \/ Yoast SEO plugin. -->","yoast_head_json":{"title":"About - Eleven Accounting","robots":{"index":"index","follow":"follow","max-snippet":"max-snippet:-1","max-image-preview":"max-image-preview:large","max-video-preview":"max-video-preview:-1"},"canonical":"https:\/\/elevenaccounting.com\/tr\/about\/","og_locale":"tr_TR","og_type":"article","og_title":"About - Eleven Accounting","og_description":"Eleven Accounting Eleven Accounting is a full-service accounting firm based in Los Angeles, CA. We offer a wide range of services, including bookkeeping, tax, and finance consulting. Our team is dedicated to helping businesses stay organized, ensure compliance with tax laws, and make confident financial decisions. We take the time to understand your unique challenges [&hellip;]","og_url":"https:\/\/elevenaccounting.com\/tr\/about\/","og_site_name":"Eleven Accounting","article_modified_time":"2025-09-14T05:53:09+00:00","og_image":[{"width":1024,"height":1024,"url":"https:\/\/elevenaccounting.com\/wp-content\/uploads\/2025\/08\/profile-pic7.png","type":"image\/png"}],"twitter_card":"summary_large_image","twitter_misc":{"Tahmini okuma s\u00fcresi":"2 dakika"},"schema":{"@context":"https:\/\/schema.org","@graph":[{"@type":"WebPage","@id":"https:\/\/elevenaccounting.com\/about\/","url":"https:\/\/elevenaccounting.com\/about\/","name":"About - Eleven Accounting","isPartOf":{"@id":"https:\/\/elevenaccounting.com\/#website"},"primaryImageOfPage":{"@id":"https:\/\/elevenaccounting.com\/about\/#primaryimage"},"image":{"@id":"https:\/\/elevenaccounting.com\/about\/#primaryimage"},"thumbnailUrl":"https:\/\/elevenaccounting.com\/wp-content\/uploads\/2025\/08\/profile-pic7.png","datePublished":"2020-09-17T07:20:30+00:00","dateModified":"2025-09-14T05:53:09+00:00","breadcrumb":{"@id":"https:\/\/elevenaccounting.com\/about\/#breadcrumb"},"inLanguage":"tr","potentialAction":[{"@type":"ReadAction","target":["https:\/\/elevenaccounting.com\/about\/"]}]},{"@type":"ImageObject","inLanguage":"tr","@id":"https:\/\/elevenaccounting.com\/about\/#primaryimage","url":"https:\/\/elevenaccounting.com\/wp-content\/uploads\/2025\/08\/profile-pic7.png","contentUrl":"https:\/\/elevenaccounting.com\/wp-content\/uploads\/2025\/08\/profile-pic7.png"},{"@type":"BreadcrumbList","@id":"https:\/\/elevenaccounting.com\/about\/#breadcrumb","itemListElement":[{"@type":"ListItem","position":1,"name":"Home","item":"https:\/\/elevenaccounting.com\/"},{"@type":"ListItem","position":2,"name":"About"}]},{"@type":"WebSite","@id":"https:\/\/elevenaccounting.com\/#website","url":"https:\/\/elevenaccounting.com\/","name":"Eleven Accounting","description":"","publisher":{"@id":"https:\/\/elevenaccounting.com\/#organization"},"potentialAction":[{"@type":"SearchAction","target":{"@type":"EntryPoint","urlTemplate":"https:\/\/elevenaccounting.com\/?s={search_term_string}"},"query-input":{"@type":"PropertyValueSpecification","valueRequired":true,"valueName":"search_term_string"}}],"inLanguage":"tr"},{"@type":"Organization","@id":"https:\/\/elevenaccounting.com\/#organization","name":"Eleven Accounting","url":"https:\/\/elevenaccounting.com\/","logo":{"@type":"ImageObject","inLanguage":"tr","@id":"https:\/\/elevenaccounting.com\/#\/schema\/logo\/image\/","url":"https:\/\/elevenaccounting.com\/wp-content\/uploads\/2022\/04\/cropped-Original-1-1.png","contentUrl":"https:\/\/elevenaccounting.com\/wp-content\/uploads\/2022\/04\/cropped-Original-1-1.png","width":512,"height":512,"caption":"Eleven Accounting"},"image":{"@id":"https:\/\/elevenaccounting.com\/#\/schema\/logo\/image\/"}}]}},"_links":{"self":[{"href":"https:\/\/elevenaccounting.com\/tr\/wp-json\/wp\/v2\/pages\/1368","targetHints":{"allow":["GET"]}}],"collection":[{"href":"https:\/\/elevenaccounting.com\/tr\/wp-json\/wp\/v2\/pages"}],"about":[{"href":"https:\/\/elevenaccounting.com\/tr\/wp-json\/wp\/v2\/types\/page"}],"author":[{"embeddable":true,"href":"https:\/\/elevenaccounting.com\/tr\/wp-json\/wp\/v2\/users\/1"}],"replies":[{"embeddable":true,"href":"https:\/\/elevenaccounting.com\/tr\/wp-json\/wp\/v2\/comments?post=1368"}],"version-history":[{"count":181,"href":"https:\/\/elevenaccounting.com\/tr\/wp-json\/wp\/v2\/pages\/1368\/revisions"}],"predecessor-version":[{"id":2995,"href":"https:\/\/elevenaccounting.com\/tr\/wp-json\/wp\/v2\/pages\/1368\/revisions\/2995"}],"wp:attachment":[{"href":"https:\/\/elevenaccounting.com\/tr\/wp-json\/wp\/v2\/media?parent=1368"}],"curies":[{"name":"wp","href":"https:\/\/api.w.org\/{rel}","templated":true}]}}