{"id":1372,"date":"2020-09-17T07:30:03","date_gmt":"2020-09-17T07:30:03","guid":{"rendered":"http:\/\/elevenaccounting.com\/?page_id=1372"},"modified":"2026-03-21T01:55:05","modified_gmt":"2026-03-21T01:55:05","slug":"contact","status":"publish","type":"page","link":"https:\/\/elevenaccounting.com\/tr\/contact\/","title":{"rendered":"\u0130leti\u015fim"},"content":{"rendered":"\n<div class=\"wp-block-columns is-layout-flex wp-container-core-columns-is-layout-28f84493 wp-block-columns-is-layout-flex\">\n<div class=\"wp-block-column is-layout-flow wp-block-column-is-layout-flow\" style=\"flex-basis:33.33%\">\n<figure class=\"wp-block-image size-large\"><img loading=\"lazy\" decoding=\"async\" width=\"1024\" height=\"683\" src=\"https:\/\/elevenaccounting.com\/wp-content\/uploads\/2026\/03\/11-1024x683.png\" alt=\"\" class=\"wp-image-3071\" srcset=\"https:\/\/elevenaccounting.com\/wp-content\/uploads\/2026\/03\/11-1024x683.png 1024w, https:\/\/elevenaccounting.com\/wp-content\/uploads\/2026\/03\/11-300x200.png 300w, https:\/\/elevenaccounting.com\/wp-content\/uploads\/2026\/03\/11-768x512.png 768w, https:\/\/elevenaccounting.com\/wp-content\/uploads\/2026\/03\/11-18x12.png 18w, https:\/\/elevenaccounting.com\/wp-content\/uploads\/2026\/03\/11.png 1536w\" sizes=\"auto, (max-width: 1024px) 100vw, 1024px\" \/><\/figure>\n\n\n\n<p class=\"has-text-align-left\"><strong><a href=\"tel:(747) 300 8855\"><img loading=\"lazy\" decoding=\"async\" width=\"55\" height=\"55\" class=\"wp-image-2313\" style=\"width: 55px;\" src=\"https:\/\/elevenaccounting.com\/wp-content\/uploads\/2024\/12\/2-4.png\" alt=\"\" srcset=\"https:\/\/elevenaccounting.com\/wp-content\/uploads\/2024\/12\/2-4.png 1080w, https:\/\/elevenaccounting.com\/wp-content\/uploads\/2024\/12\/2-4-300x300.png 300w, https:\/\/elevenaccounting.com\/wp-content\/uploads\/2024\/12\/2-4-1024x1024.png 1024w, https:\/\/elevenaccounting.com\/wp-content\/uploads\/2024\/12\/2-4-150x150.png 150w, https:\/\/elevenaccounting.com\/wp-content\/uploads\/2024\/12\/2-4-768x768.png 768w, https:\/\/elevenaccounting.com\/wp-content\/uploads\/2024\/12\/2-4-12x12.png 12w\" sizes=\"auto, (max-width: 55px) 100vw, 55px\" \/><mark style=\"background-color:rgba(0, 0, 0, 0)\" class=\"has-inline-color has-ast-global-color-7-color\">(747) 300-8855<\/mark><br><\/a><\/strong><a href=\"mailto:info@elevenaccounting.com\"><strong><img loading=\"lazy\" decoding=\"async\" width=\"55\" height=\"55\" class=\"wp-image-2310\" style=\"width: 55px;\" src=\"https:\/\/elevenaccounting.com\/wp-content\/uploads\/2024\/12\/3-3.png\" alt=\"\" srcset=\"https:\/\/elevenaccounting.com\/wp-content\/uploads\/2024\/12\/3-3.png 1080w, https:\/\/elevenaccounting.com\/wp-content\/uploads\/2024\/12\/3-3-300x300.png 300w, https:\/\/elevenaccounting.com\/wp-content\/uploads\/2024\/12\/3-3-1024x1024.png 1024w, https:\/\/elevenaccounting.com\/wp-content\/uploads\/2024\/12\/3-3-150x150.png 150w, https:\/\/elevenaccounting.com\/wp-content\/uploads\/2024\/12\/3-3-768x768.png 768w, https:\/\/elevenaccounting.com\/wp-content\/uploads\/2024\/12\/3-3-12x12.png 12w\" sizes=\"auto, (max-width: 55px) 100vw, 55px\" \/><mark style=\"background-color:rgba(0, 0, 0, 0)\" class=\"has-inline-color has-ast-global-color-7-color\">info@elevenaccounting.com<\/mark><\/strong><br><\/a><a href=\"https:\/\/maps.app.goo.gl\/46CJzroiuakt1AnL9\"><img loading=\"lazy\" decoding=\"async\" width=\"55\" height=\"55\" class=\"wp-image-2327\" style=\"width: 55px;\" src=\"https:\/\/elevenaccounting.com\/wp-content\/uploads\/2024\/12\/1-5.png\" alt=\"\" srcset=\"https:\/\/elevenaccounting.com\/wp-content\/uploads\/2024\/12\/1-5.png 1080w, https:\/\/elevenaccounting.com\/wp-content\/uploads\/2024\/12\/1-5-300x300.png 300w, https:\/\/elevenaccounting.com\/wp-content\/uploads\/2024\/12\/1-5-1024x1024.png 1024w, https:\/\/elevenaccounting.com\/wp-content\/uploads\/2024\/12\/1-5-150x150.png 150w, https:\/\/elevenaccounting.com\/wp-content\/uploads\/2024\/12\/1-5-768x768.png 768w, https:\/\/elevenaccounting.com\/wp-content\/uploads\/2024\/12\/1-5-12x12.png 12w\" sizes=\"auto, (max-width: 55px) 100vw, 55px\" \/><mark style=\"background-color:rgba(0, 0, 0, 0)\" class=\"has-inline-color has-ast-global-color-7-color\"><strong>11101 Washington Blvd<br><\/strong><\/mark><mark style=\"background-color:rgba(0, 0, 0, 0)\" class=\"has-inline-color has-ast-global-color-5-color\">IIIIIIIIIIII<\/mark><mark style=\"background-color:rgba(0, 0, 0, 0)\" class=\"has-inline-color has-ast-global-color-7-color\"><strong>Culver City, CA 90232<\/strong><\/mark><\/a><\/p>\n\n\n\n<iframe \n  src=\"https:\/\/www.google.com\/maps?q=11101+Washington+Blvd,+Culver+City,+CA+90232&#038;output=embed\"\n  width=\"100%\" \n  height=\"350\" \n  style=\"border:0; border-radius:12px;\" \n  allowfullscreen=\"\" \n  loading=\"lazy\">\n<\/iframe>\n<\/div>\n\n\n\n<div class=\"wp-block-column is-layout-flow wp-block-column-is-layout-flow\"><\/div>\n\n\n\n<div class=\"wp-block-column is-layout-flow wp-block-column-is-layout-flow\"><\/div>\n\n\n\n<div class=\"wp-block-column is-layout-flow wp-block-column-is-layout-flow\"><\/div>\n\n\n\n<div class=\"wp-block-column is-layout-flow wp-block-column-is-layout-flow\" style=\"flex-basis:66.66%\">\n<div class=\"inherit-container-width wp-block-group is-layout-constrained wp-block-group-is-layout-constrained\"><div class=\"wp-block-group__inner-container\">\n<h4 class=\"wp-block-heading has-text-align-left\"><mark style=\"background-color:rgba(0, 0, 0, 0)\" class=\"has-inline-color has-ast-global-color-1-color\"><strong>Contact Us<\/strong><\/mark><\/h4>\n\n\n<div class=\"wpforms-container wpforms-block wpforms-block-a75bb356-bade-45fc-a8bc-c1fb2a35c565\" id=\"wpforms-1790\"><form id=\"wpforms-form-1790\" class=\"wpforms-validate wpforms-form wpforms-ajax-form\" data-formid=\"1790\" method=\"post\" enctype=\"multipart\/form-data\" action=\"\/tr\/wp-json\/wp\/v2\/pages\/1372\" data-token=\"382d83700777cc643861eefbe6a00bf9\" data-token-time=\"1777512558\"><noscript class=\"wpforms-error-noscript\">Bu formu bitirebilmek i\u00e7in taray\u0131c\u0131n\u0131zda JavaScript&#039;i etkinle\u015ftirin.<\/noscript><div class=\"wpforms-field-container\"><div id=\"wpforms-1790-field_0-container\" class=\"wpforms-field wpforms-field-name\" data-field-id=\"0\"><label class=\"wpforms-field-label\">Name <span class=\"wpforms-required-label\">*<\/span><\/label><div class=\"wpforms-field-row wpforms-field-medium\"><div class=\"wpforms-field-row-block wpforms-first wpforms-one-half\"><input type=\"text\" id=\"wpforms-1790-field_0\" class=\"wpforms-field-name-first wpforms-field-required\" name=\"wpforms[fields][0][first]\" required><label for=\"wpforms-1790-field_0\" class=\"wpforms-field-sublabel after\">Ad<\/label><\/div><div class=\"wpforms-field-row-block wpforms-one-half\"><input type=\"text\" id=\"wpforms-1790-field_0-last\" class=\"wpforms-field-name-last wpforms-field-required\" name=\"wpforms[fields][0][last]\" required><label for=\"wpforms-1790-field_0-last\" class=\"wpforms-field-sublabel after\">Soyad<\/label><\/div><\/div><\/div><div id=\"wpforms-1790-field_1-container\" class=\"wpforms-field wpforms-field-email\" data-field-id=\"1\"><label class=\"wpforms-field-label\" for=\"wpforms-1790-field_1\">Email <span class=\"wpforms-required-label\">*<\/span><\/label><input type=\"email\" id=\"wpforms-1790-field_1\" class=\"wpforms-field-medium wpforms-field-required\" name=\"wpforms[fields][1]\" spellcheck=\"false\" required><\/div><div id=\"wpforms-1790-field_5-container\" class=\"wpforms-field wpforms-field-number\" data-field-id=\"5\"><label class=\"wpforms-field-label\" for=\"wpforms-1790-field_5\">Phone<\/label><input type=\"number\" id=\"wpforms-1790-field_5\" class=\"wpforms-field-medium\" name=\"wpforms[fields][5]\" step=\"any\" ><\/div><div id=\"wpforms-1790-field_4-container\" class=\"wpforms-field wpforms-field-select wpforms-field-select-style-modern\" data-field-id=\"4\"><label class=\"wpforms-field-label\" for=\"wpforms-1790-field_4\">Services <span class=\"wpforms-required-label\">*<\/span><\/label><select id=\"wpforms-1790-field_4\" class=\"wpforms-field-medium wpforms-field-required choicesjs-select\" data-size-class=\"wpforms-field-row wpforms-field-medium\" data-search-enabled=\"\" name=\"wpforms[fields][4]\" required=\"required\"><option value=\"\" class=\"placeholder\" disabled  selected='selected'>&#8211; Please select &#8211;<\/option><option value=\"Bookkeeping Services\"  class=\"choice-1 depth-1\"  >Bookkeeping Services<\/option><option value=\"Tax Services\"  class=\"choice-5 depth-1\"  >Tax Services<\/option><option value=\"QuickBooks Services\"  class=\"choice-2 depth-1\"  >QuickBooks Services<\/option><option value=\"New Business Formation\"  class=\"choice-3 depth-1\"  >New Business Formation<\/option><option value=\"Other\"  class=\"choice-4 depth-1\"  >Other<\/option><\/select><\/div><div id=\"wpforms-1790-field_2-container\" class=\"wpforms-field wpforms-field-textarea\" data-field-id=\"2\"><label class=\"wpforms-field-label\" for=\"wpforms-1790-field_2\">How can we help you?<\/label><textarea id=\"wpforms-1790-field_2\" class=\"wpforms-field-medium\" name=\"wpforms[fields][2]\" ><\/textarea><\/div><\/div><!-- .wpforms-field-container --><div class=\"wpforms-recaptcha-container wpforms-is-hcaptcha\" ><div class=\"h-captcha\" data-sitekey=\"4bcca294-4def-4801-a0cf-8b47d3a33f70\"><\/div><input type=\"text\" name=\"g-recaptcha-hidden\" class=\"wpforms-recaptcha-hidden\" style=\"position:absolute!important;clip:rect(0,0,0,0)!important;height:1px!important;width:1px!important;border:0!important;overflow:hidden!important;padding:0!important;margin:0!important;\" data-rule-hcaptcha=\"1\"><\/div><div class=\"wpforms-submit-container\" ><input type=\"hidden\" name=\"wpforms[id]\" value=\"1790\"><input type=\"hidden\" name=\"page_title\" value=\"\"><input type=\"hidden\" name=\"page_url\" value=\"https:\/\/elevenaccounting.com\/tr\/wp-json\/wp\/v2\/pages\/1372\"><input type=\"hidden\" name=\"url_referer\" value=\"\"><button type=\"submit\" name=\"wpforms[submit]\" id=\"wpforms-submit-1790\" class=\"wpforms-submit\" data-alt-text=\"Sending...\" data-submit-text=\"Submit\" aria-live=\"assertive\" value=\"wpforms-submit\">Submit<\/button><img loading=\"lazy\" decoding=\"async\" src=\"https:\/\/elevenaccounting.com\/wp-content\/plugins\/wpforms-lite\/assets\/images\/submit-spin.svg\" class=\"wpforms-submit-spinner\" style=\"display: none;\" width=\"26\" height=\"26\" alt=\"Y\u00fckleniyor\"><\/div><\/form><\/div>  <!-- .wpforms-container --><\/div><\/div>\n<\/div>\n\n\n\n<div class=\"wp-block-column is-layout-flow wp-block-column-is-layout-flow\"><\/div>\n<\/div>\n\n\n\n<p><\/p>\n","protected":false},"excerpt":{"rendered":"<p>(747) 300-8855info@elevenaccounting.com11101 Washington BlvdIIIIIIIIIIIICulver City, CA 90232 Contact Us<\/p>","protected":false},"author":1,"featured_media":0,"parent":0,"menu_order":0,"comment_status":"closed","ping_status":"closed","template":"","meta":{"site-sidebar-layout":"no-sidebar","site-content-layout":"plain-container","ast-site-content-layout":"normal-width-container","site-content-style":"unboxed","site-sidebar-style":"unboxed","ast-global-header-display":"","ast-banner-title-visibility":"","ast-main-header-display":"","ast-hfb-above-header-display":"","ast-hfb-below-header-display":"","ast-hfb-mobile-header-display":"","site-post-title":"disabled","ast-breadcrumbs-content":"","ast-featured-img":"disabled","footer-sml-layout":"","ast-disable-related-posts":"","theme-transparent-header-meta":"default","adv-header-id-meta":"","stick-header-meta":"","header-above-stick-meta":"","header-main-stick-meta":"","header-below-stick-meta":"","astra-migrate-meta-layouts":"set","ast-page-background-enabled":"default","ast-page-background-meta":{"desktop":{"background-color":"","background-image":"","background-repeat":"repeat","background-position":"center center","background-size":"auto","background-attachment":"scroll","background-type":"","background-media":"","overlay-type":"","overlay-color":"","overlay-opacity":"","overlay-gradient":""},"tablet":{"background-color":"","background-image":"","background-repeat":"repeat","background-position":"center center","background-size":"auto","background-attachment":"scroll","background-type":"","background-media":"","overlay-type":"","overlay-color":"","overlay-opacity":"","overlay-gradient":""},"mobile":{"background-color":"","background-image":"","background-repeat":"repeat","background-position":"center center","background-size":"auto","background-attachment":"scroll","background-type":"","background-media":"","overlay-type":"","overlay-color":"","overlay-opacity":"","overlay-gradient":""}},"ast-content-background-meta":{"desktop":{"background-color":"var(--ast-global-color-5)","background-image":"","background-repeat":"repeat","background-position":"center center","background-size":"auto","background-attachment":"scroll","background-type":"","background-media":"","overlay-type":"","overlay-color":"","overlay-opacity":"","overlay-gradient":""},"tablet":{"background-color":"var(--ast-global-color-5)","background-image":"","background-repeat":"repeat","background-position":"center center","background-size":"auto","background-attachment":"scroll","background-type":"","background-media":"","overlay-type":"","overlay-color":"","overlay-opacity":"","overlay-gradient":""},"mobile":{"background-color":"var(--ast-global-color-5)","background-image":"","background-repeat":"repeat","background-position":"center center","background-size":"auto","background-attachment":"scroll","background-type":"","background-media":"","overlay-type":"","overlay-color":"","overlay-opacity":"","overlay-gradient":""}},"footnotes":""},"class_list":["post-1372","page","type-page","status-publish","hentry"],"yoast_head":"<!-- This site is optimized with the Yoast SEO plugin v27.5 - https:\/\/yoast.com\/product\/yoast-seo-wordpress\/ -->\n<title>Contact - Eleven Accounting<\/title>\n<meta name=\"description\" content=\"Eleven Accounting | Accountant Ahmet Guven | ahmet@elevenaccounting.com\" \/>\n<meta name=\"robots\" content=\"index, follow, max-snippet:-1, max-image-preview:large, max-video-preview:-1\" \/>\n<link rel=\"canonical\" href=\"https:\/\/elevenaccounting.com\/tr\/contact\/\" \/>\n<meta property=\"og:locale\" content=\"tr_TR\" \/>\n<meta property=\"og:type\" content=\"article\" \/>\n<meta property=\"og:title\" content=\"Contact - Eleven Accounting\" \/>\n<meta property=\"og:description\" content=\"Eleven Accounting | Accountant Ahmet Guven | ahmet@elevenaccounting.com\" \/>\n<meta property=\"og:url\" content=\"https:\/\/elevenaccounting.com\/tr\/contact\/\" \/>\n<meta property=\"og:site_name\" content=\"Eleven Accounting\" \/>\n<meta property=\"article:modified_time\" content=\"2026-03-21T01:55:05+00:00\" \/>\n<meta property=\"og:image\" content=\"https:\/\/elevenaccounting.com\/wp-content\/uploads\/2026\/03\/11-1024x683.png\" \/>\n\t<meta property=\"og:image:width\" content=\"1024\" \/>\n\t<meta property=\"og:image:height\" content=\"683\" \/>\n\t<meta property=\"og:image:type\" content=\"image\/png\" \/>\n<meta name=\"twitter:card\" content=\"summary_large_image\" \/>\n<meta name=\"twitter:label1\" content=\"Tahmini okuma s\u00fcresi\" \/>\n\t<meta name=\"twitter:data1\" content=\"1 dakika\" \/>\n<script type=\"application\/ld+json\" class=\"yoast-schema-graph\">{\"@context\":\"https:\\\/\\\/schema.org\",\"@graph\":[{\"@type\":\"WebPage\",\"@id\":\"https:\\\/\\\/elevenaccounting.com\\\/contact\\\/\",\"url\":\"https:\\\/\\\/elevenaccounting.com\\\/contact\\\/\",\"name\":\"Contact - Eleven Accounting\",\"isPartOf\":{\"@id\":\"https:\\\/\\\/elevenaccounting.com\\\/#website\"},\"primaryImageOfPage\":{\"@id\":\"https:\\\/\\\/elevenaccounting.com\\\/contact\\\/#primaryimage\"},\"image\":{\"@id\":\"https:\\\/\\\/elevenaccounting.com\\\/contact\\\/#primaryimage\"},\"thumbnailUrl\":\"https:\\\/\\\/elevenaccounting.com\\\/wp-content\\\/uploads\\\/2026\\\/03\\\/11-1024x683.png\",\"datePublished\":\"2020-09-17T07:30:03+00:00\",\"dateModified\":\"2026-03-21T01:55:05+00:00\",\"description\":\"Eleven Accounting | Accountant Ahmet Guven | ahmet@elevenaccounting.com\",\"breadcrumb\":{\"@id\":\"https:\\\/\\\/elevenaccounting.com\\\/contact\\\/#breadcrumb\"},\"inLanguage\":\"tr\",\"potentialAction\":[{\"@type\":\"ReadAction\",\"target\":[\"https:\\\/\\\/elevenaccounting.com\\\/contact\\\/\"]}]},{\"@type\":\"ImageObject\",\"inLanguage\":\"tr\",\"@id\":\"https:\\\/\\\/elevenaccounting.com\\\/contact\\\/#primaryimage\",\"url\":\"https:\\\/\\\/elevenaccounting.com\\\/wp-content\\\/uploads\\\/2026\\\/03\\\/11-1024x683.png\",\"contentUrl\":\"https:\\\/\\\/elevenaccounting.com\\\/wp-content\\\/uploads\\\/2026\\\/03\\\/11-1024x683.png\"},{\"@type\":\"BreadcrumbList\",\"@id\":\"https:\\\/\\\/elevenaccounting.com\\\/contact\\\/#breadcrumb\",\"itemListElement\":[{\"@type\":\"ListItem\",\"position\":1,\"name\":\"Home\",\"item\":\"https:\\\/\\\/elevenaccounting.com\\\/\"},{\"@type\":\"ListItem\",\"position\":2,\"name\":\"Contact\"}]},{\"@type\":\"WebSite\",\"@id\":\"https:\\\/\\\/elevenaccounting.com\\\/#website\",\"url\":\"https:\\\/\\\/elevenaccounting.com\\\/\",\"name\":\"Eleven Accounting\",\"description\":\"\",\"publisher\":{\"@id\":\"https:\\\/\\\/elevenaccounting.com\\\/#organization\"},\"potentialAction\":[{\"@type\":\"SearchAction\",\"target\":{\"@type\":\"EntryPoint\",\"urlTemplate\":\"https:\\\/\\\/elevenaccounting.com\\\/?s={search_term_string}\"},\"query-input\":{\"@type\":\"PropertyValueSpecification\",\"valueRequired\":true,\"valueName\":\"search_term_string\"}}],\"inLanguage\":\"tr\"},{\"@type\":\"Organization\",\"@id\":\"https:\\\/\\\/elevenaccounting.com\\\/#organization\",\"name\":\"Eleven Accounting\",\"url\":\"https:\\\/\\\/elevenaccounting.com\\\/\",\"logo\":{\"@type\":\"ImageObject\",\"inLanguage\":\"tr\",\"@id\":\"https:\\\/\\\/elevenaccounting.com\\\/#\\\/schema\\\/logo\\\/image\\\/\",\"url\":\"https:\\\/\\\/elevenaccounting.com\\\/wp-content\\\/uploads\\\/2022\\\/04\\\/cropped-Original-1-1.png\",\"contentUrl\":\"https:\\\/\\\/elevenaccounting.com\\\/wp-content\\\/uploads\\\/2022\\\/04\\\/cropped-Original-1-1.png\",\"width\":512,\"height\":512,\"caption\":\"Eleven Accounting\"},\"image\":{\"@id\":\"https:\\\/\\\/elevenaccounting.com\\\/#\\\/schema\\\/logo\\\/image\\\/\"}}]}<\/script>\n<!-- \/ Yoast SEO plugin. -->","yoast_head_json":{"title":"Contact - Eleven Accounting","description":"Eleven Accounting | Accountant Ahmet Guven | ahmet@elevenaccounting.com","robots":{"index":"index","follow":"follow","max-snippet":"max-snippet:-1","max-image-preview":"max-image-preview:large","max-video-preview":"max-video-preview:-1"},"canonical":"https:\/\/elevenaccounting.com\/tr\/contact\/","og_locale":"tr_TR","og_type":"article","og_title":"Contact - Eleven Accounting","og_description":"Eleven Accounting | Accountant Ahmet Guven | ahmet@elevenaccounting.com","og_url":"https:\/\/elevenaccounting.com\/tr\/contact\/","og_site_name":"Eleven Accounting","article_modified_time":"2026-03-21T01:55:05+00:00","og_image":[{"width":1024,"height":683,"url":"https:\/\/elevenaccounting.com\/wp-content\/uploads\/2026\/03\/11-1024x683.png","type":"image\/png"}],"twitter_card":"summary_large_image","twitter_misc":{"Tahmini okuma s\u00fcresi":"1 dakika"},"schema":{"@context":"https:\/\/schema.org","@graph":[{"@type":"WebPage","@id":"https:\/\/elevenaccounting.com\/contact\/","url":"https:\/\/elevenaccounting.com\/contact\/","name":"Contact - Eleven Accounting","isPartOf":{"@id":"https:\/\/elevenaccounting.com\/#website"},"primaryImageOfPage":{"@id":"https:\/\/elevenaccounting.com\/contact\/#primaryimage"},"image":{"@id":"https:\/\/elevenaccounting.com\/contact\/#primaryimage"},"thumbnailUrl":"https:\/\/elevenaccounting.com\/wp-content\/uploads\/2026\/03\/11-1024x683.png","datePublished":"2020-09-17T07:30:03+00:00","dateModified":"2026-03-21T01:55:05+00:00","description":"Eleven Accounting | Accountant Ahmet Guven | ahmet@elevenaccounting.com","breadcrumb":{"@id":"https:\/\/elevenaccounting.com\/contact\/#breadcrumb"},"inLanguage":"tr","potentialAction":[{"@type":"ReadAction","target":["https:\/\/elevenaccounting.com\/contact\/"]}]},{"@type":"ImageObject","inLanguage":"tr","@id":"https:\/\/elevenaccounting.com\/contact\/#primaryimage","url":"https:\/\/elevenaccounting.com\/wp-content\/uploads\/2026\/03\/11-1024x683.png","contentUrl":"https:\/\/elevenaccounting.com\/wp-content\/uploads\/2026\/03\/11-1024x683.png"},{"@type":"BreadcrumbList","@id":"https:\/\/elevenaccounting.com\/contact\/#breadcrumb","itemListElement":[{"@type":"ListItem","position":1,"name":"Home","item":"https:\/\/elevenaccounting.com\/"},{"@type":"ListItem","position":2,"name":"Contact"}]},{"@type":"WebSite","@id":"https:\/\/elevenaccounting.com\/#website","url":"https:\/\/elevenaccounting.com\/","name":"Eleven Accounting","description":"","publisher":{"@id":"https:\/\/elevenaccounting.com\/#organization"},"potentialAction":[{"@type":"SearchAction","target":{"@type":"EntryPoint","urlTemplate":"https:\/\/elevenaccounting.com\/?s={search_term_string}"},"query-input":{"@type":"PropertyValueSpecification","valueRequired":true,"valueName":"search_term_string"}}],"inLanguage":"tr"},{"@type":"Organization","@id":"https:\/\/elevenaccounting.com\/#organization","name":"Eleven Accounting","url":"https:\/\/elevenaccounting.com\/","logo":{"@type":"ImageObject","inLanguage":"tr","@id":"https:\/\/elevenaccounting.com\/#\/schema\/logo\/image\/","url":"https:\/\/elevenaccounting.com\/wp-content\/uploads\/2022\/04\/cropped-Original-1-1.png","contentUrl":"https:\/\/elevenaccounting.com\/wp-content\/uploads\/2022\/04\/cropped-Original-1-1.png","width":512,"height":512,"caption":"Eleven Accounting"},"image":{"@id":"https:\/\/elevenaccounting.com\/#\/schema\/logo\/image\/"}}]}},"_links":{"self":[{"href":"https:\/\/elevenaccounting.com\/tr\/wp-json\/wp\/v2\/pages\/1372","targetHints":{"allow":["GET"]}}],"collection":[{"href":"https:\/\/elevenaccounting.com\/tr\/wp-json\/wp\/v2\/pages"}],"about":[{"href":"https:\/\/elevenaccounting.com\/tr\/wp-json\/wp\/v2\/types\/page"}],"author":[{"embeddable":true,"href":"https:\/\/elevenaccounting.com\/tr\/wp-json\/wp\/v2\/users\/1"}],"replies":[{"embeddable":true,"href":"https:\/\/elevenaccounting.com\/tr\/wp-json\/wp\/v2\/comments?post=1372"}],"version-history":[{"count":150,"href":"https:\/\/elevenaccounting.com\/tr\/wp-json\/wp\/v2\/pages\/1372\/revisions"}],"predecessor-version":[{"id":3078,"href":"https:\/\/elevenaccounting.com\/tr\/wp-json\/wp\/v2\/pages\/1372\/revisions\/3078"}],"wp:attachment":[{"href":"https:\/\/elevenaccounting.com\/tr\/wp-json\/wp\/v2\/media?parent=1372"}],"curies":[{"name":"wp","href":"https:\/\/api.w.org\/{rel}","templated":true}]}}