{"id":1376,"date":"2020-09-17T07:31:09","date_gmt":"2020-09-17T07:31:09","guid":{"rendered":"http:\/\/elevenaccounting.com\/?page_id=1376"},"modified":"2025-09-12T20:35:12","modified_gmt":"2025-09-12T20:35:12","slug":"home","status":"publish","type":"page","link":"https:\/\/elevenaccounting.com\/tr\/","title":{"rendered":"Home"},"content":{"rendered":"<div class=\"wp-block-columns is-layout-flex wp-container-core-columns-is-layout-28f84493 wp-block-columns-is-layout-flex\">\n<div class=\"wp-block-column is-vertically-aligned-top is-layout-flow wp-block-column-is-layout-flow\">\n<div class=\"wp-block-columns is-layout-flex wp-container-core-columns-is-layout-28f84493 wp-block-columns-is-layout-flex\">\n<div class=\"wp-block-column is-layout-flow wp-block-column-is-layout-flow\">\n<figure class=\"wp-block-image\"><a href=\"https:\/\/elevenaccounting.com\/tr\/contact\/\"><img decoding=\"async\" src=\"https:\/\/elevenaccounting.com\/wp-content\/uploads\/2025\/09\/1.gif\" alt=\"animation\"\/><\/a><\/figure>\n\n\n\n<h5 class=\"wp-block-heading has-text-align-center\"><strong><strong><strong><strong><a href=\"http:\/\/elevenaccounting.com\/tr\/?page_id=1372\">Muhasebe Hizmetleri<\/a><\/strong><\/strong><\/strong><\/strong><\/h5>\n\n\n\n<p class=\"has-text-align-center\">Muhasebe<br>Finansal Raporlama<br>Bordro \u0130\u015flemleri<br>B\u00fct\u00e7e Y\u00f6netimi<br>Ge\u00e7mi\u015f Kay\u0131tlar\u0131n\u0131n D\u00fczenlenmesi<\/p>\n<\/div>\n\n\n\n<div class=\"wp-block-column is-layout-flow wp-block-column-is-layout-flow\">\n<figure class=\"wp-block-image\"><a href=\"https:\/\/elevenaccounting.com\/tr\/contact\/\"><img decoding=\"async\" src=\"https:\/\/elevenaccounting.com\/wp-content\/uploads\/2025\/09\/2.gif\" alt=\"animation\"\/><\/a><\/figure>\n\n\n\n<h5 class=\"wp-block-heading has-text-align-center\"><strong><a href=\"http:\/\/elevenaccounting.com\/tr\/?page_id=1372\"><\/a><strong><a href=\"http:\/\/elevenaccounting.com\/tr\/?page_id=1372\"><strong><strong><\/strong><\/strong><\/a><strong><strong><a href=\"http:\/\/elevenaccounting.com\/tr\/?page_id=1372\">Vergi Hizmetleri<\/a><\/strong><\/strong><\/strong><\/strong><\/h5>\n\n\n\n<p class=\"has-text-align-center\">Bireysel Vergi Hizmetleri<br>\u0130\u015fletme Vergi Hizmetleri<br>Vergi Planlamas\u0131<br>Vergi Yap\u0131land\u0131rma<br> IRS Temsil Hizmetleri<\/p>\n<\/div>\n<\/div>\n<\/div>\n\n\n\n<div class=\"wp-block-column is-vertically-aligned-top is-layout-flow wp-block-column-is-layout-flow\">\n<div class=\"wp-block-columns is-layout-flex wp-container-core-columns-is-layout-28f84493 wp-block-columns-is-layout-flex\">\n<div class=\"wp-block-column is-layout-flow wp-block-column-is-layout-flow\">\n<figure class=\"wp-block-image\"><a href=\"https:\/\/elevenaccounting.com\/tr\/contact\/\"><img decoding=\"async\" src=\"https:\/\/elevenaccounting.com\/wp-content\/uploads\/2025\/09\/3.gif\" alt=\"animation\"\/><\/a><\/figure>\n\n\n\n<h5 class=\"wp-block-heading has-text-align-center\"><strong><a href=\"http:\/\/elevenaccounting.com\/tr\/?page_id=1372\">QuickBooks Deste\u011fi<\/a><\/strong><\/h5>\n\n\n\n<p class=\"has-text-align-center\">QuickBooks Kurulumu<br>QuickBooks E\u011fitimi<br>QuickBooks Dan\u0131\u015fmanl\u0131\u011f\u0131<br>QuickBooks Optimizasyonu<br>Ki\u015fiselle\u015ftirilmi\u015f Raporlar<\/p>\n<\/div>\n\n\n\n<div class=\"wp-block-column is-layout-flow wp-block-column-is-layout-flow\">\n<figure class=\"wp-block-image\"><a href=\"https:\/\/elevenaccounting.com\/tr\/contact\/\"><img decoding=\"async\" src=\"https:\/\/elevenaccounting.com\/wp-content\/uploads\/2025\/09\/Untitled-design-1.gif\" alt=\"animation\"\/><\/a><\/figure>\n\n\n\n<h5 class=\"wp-block-heading has-text-align-center\"><strong><a href=\"http:\/\/elevenaccounting.com\/tr\/?page_id=1372\">\u015eirket Kurulu\u015f Dan\u0131\u015fmanl\u0131\u011f\u0131<\/a><\/strong><\/h5>\n\n\n\n<p class=\"has-text-align-center\">\u015eirket Ad\u0131 Bildirimi&nbsp;<br>\u0130\u015fletme Kayd\u0131 <br>Lisanslar ve \u0130zinler<br>\u0130\u015fletme S\u00f6zle\u015fmesi<br>Muhasebe Sistemi Kurulumu <\/p>\n<\/div>\n<\/div>\n<\/div>\n<\/div>\n\n\n\n<div style=\"height:13px\" aria-hidden=\"true\" class=\"wp-block-spacer\"><\/div>\n\n\n\n<hr class=\"wp-block-separator has-alpha-channel-opacity is-style-wide\"\/>\n\n\n\n<div class=\"wp-block-columns is-layout-flex wp-container-core-columns-is-layout-28f84493 wp-block-columns-is-layout-flex\">\n<div class=\"wp-block-column is-layout-flow wp-block-column-is-layout-flow\">\n<figure class=\"wp-block-image aligncenter size-large is-resized\"><img loading=\"lazy\" decoding=\"async\" width=\"1024\" height=\"177\" src=\"https:\/\/elevenaccounting.com\/wp-content\/uploads\/2025\/01\/11-1024x177.jpg\" alt=\"\" class=\"wp-image-2537\" style=\"width:793px;height:auto\" srcset=\"https:\/\/elevenaccounting.com\/wp-content\/uploads\/2025\/01\/11-1024x177.jpg 1024w, https:\/\/elevenaccounting.com\/wp-content\/uploads\/2025\/01\/11-300x52.jpg 300w, https:\/\/elevenaccounting.com\/wp-content\/uploads\/2025\/01\/11-768x133.jpg 768w, https:\/\/elevenaccounting.com\/wp-content\/uploads\/2025\/01\/11-18x3.jpg 18w, https:\/\/elevenaccounting.com\/wp-content\/uploads\/2025\/01\/11.jpg 1168w\" sizes=\"auto, (max-width: 1024px) 100vw, 1024px\" \/><\/figure>\n<\/div>\n<\/div>\n\n\n\n<p><\/p>","protected":false},"excerpt":{"rendered":"<p>Accounting Services BookkeepingFinancial ReportsPayroll ProcessingBudget ManagementBook Clean Up Tax Services Individual Tax PreparationBusiness Tax PreparationTax PlanningTax Relief IRS Representation QuickBooks Services Setup for QuickBooksTraining for QuickBooksQuickBooks QuestionsTune-up for QuickBooksCustomized QuickBooks Reports New Business Consulting Entity Name Reservation&nbsp;Business Registration Licenses and PermitsOperating AgreementAccounting System Set-Up<\/p>","protected":false},"author":1,"featured_media":0,"parent":0,"menu_order":0,"comment_status":"closed","ping_status":"closed","template":"","meta":{"site-sidebar-layout":"no-sidebar","site-content-layout":"plain-container","ast-site-content-layout":"normal-width-container","site-content-style":"unboxed","site-sidebar-style":"unboxed","ast-global-header-display":"","ast-banner-title-visibility":"","ast-main-header-display":"","ast-hfb-above-header-display":"","ast-hfb-below-header-display":"","ast-hfb-mobile-header-display":"","site-post-title":"disabled","ast-breadcrumbs-content":"","ast-featured-img":"disabled","footer-sml-layout":"","ast-disable-related-posts":"","theme-transparent-header-meta":"default","adv-header-id-meta":"","stick-header-meta":"","header-above-stick-meta":"","header-main-stick-meta":"","header-below-stick-meta":"","astra-migrate-meta-layouts":"set","ast-page-background-enabled":"default","ast-page-background-meta":{"desktop":{"background-color":"","background-image":"","background-repeat":"repeat","background-position":"center center","background-size":"auto","background-attachment":"scroll","background-type":"","background-media":"","overlay-type":"","overlay-color":"","overlay-opacity":"","overlay-gradient":""},"tablet":{"background-color":"","background-image":"","background-repeat":"repeat","background-position":"center center","background-size":"auto","background-attachment":"scroll","background-type":"","background-media":"","overlay-type":"","overlay-color":"","overlay-opacity":"","overlay-gradient":""},"mobile":{"background-color":"","background-image":"","background-repeat":"repeat","background-position":"center center","background-size":"auto","background-attachment":"scroll","background-type":"","background-media":"","overlay-type":"","overlay-color":"","overlay-opacity":"","overlay-gradient":""}},"ast-content-background-meta":{"desktop":{"background-color":"var(--ast-global-color-5)","background-image":"","background-repeat":"repeat","background-position":"center center","background-size":"auto","background-attachment":"scroll","background-type":"","background-media":"","overlay-type":"","overlay-color":"","overlay-opacity":"","overlay-gradient":""},"tablet":{"background-color":"var(--ast-global-color-5)","background-image":"","background-repeat":"repeat","background-position":"center center","background-size":"auto","background-attachment":"scroll","background-type":"","background-media":"","overlay-type":"","overlay-color":"","overlay-opacity":"","overlay-gradient":""},"mobile":{"background-color":"var(--ast-global-color-5)","background-image":"","background-repeat":"repeat","background-position":"center center","background-size":"auto","background-attachment":"scroll","background-type":"","background-media":"","overlay-type":"","overlay-color":"","overlay-opacity":"","overlay-gradient":""}},"footnotes":""},"class_list":["post-1376","page","type-page","status-publish","hentry"],"yoast_head":"<!-- This site is optimized with the Yoast SEO plugin v27.5 - https:\/\/yoast.com\/product\/yoast-seo-wordpress\/ -->\n<title>Home - Eleven Accounting<\/title>\n<meta name=\"description\" content=\"Bookkeeping Services | QuickBooks Services | New Business Formation | We offer accounting services that support your business from the start-up phase and as it grows and develops into what you\u2019ve envisioned. At Eleven Accounting, we take the time to learn about your business and develop a plan tailored to suit your needs.\" \/>\n<meta name=\"robots\" content=\"index, follow, max-snippet:-1, max-image-preview:large, max-video-preview:-1\" \/>\n<link rel=\"canonical\" href=\"https:\/\/elevenaccounting.com\/tr\/\" \/>\n<meta property=\"og:locale\" content=\"tr_TR\" \/>\n<meta property=\"og:type\" content=\"article\" \/>\n<meta property=\"og:title\" content=\"Home - Eleven Accounting\" \/>\n<meta property=\"og:description\" content=\"Bookkeeping Services | QuickBooks Services | New Business Formation | We offer accounting services that support your business from the start-up phase and as it grows and develops into what you\u2019ve envisioned. At Eleven Accounting, we take the time to learn about your business and develop a plan tailored to suit your needs.\" \/>\n<meta property=\"og:url\" content=\"https:\/\/elevenaccounting.com\/tr\/\" \/>\n<meta property=\"og:site_name\" content=\"Eleven Accounting\" \/>\n<meta property=\"article:modified_time\" content=\"2025-09-12T20:35:12+00:00\" \/>\n<meta property=\"og:image\" content=\"https:\/\/elevenaccounting.com\/wp-content\/uploads\/2025\/09\/1.gif\" \/>\n<meta name=\"twitter:card\" content=\"summary_large_image\" \/>\n<meta name=\"twitter:label1\" content=\"Tahmini okuma s\u00fcresi\" \/>\n\t<meta name=\"twitter:data1\" content=\"2 dakika\" \/>\n<script type=\"application\/ld+json\" class=\"yoast-schema-graph\">{\"@context\":\"https:\\\/\\\/schema.org\",\"@graph\":[{\"@type\":\"WebPage\",\"@id\":\"https:\\\/\\\/elevenaccounting.com\\\/\",\"url\":\"https:\\\/\\\/elevenaccounting.com\\\/\",\"name\":\"Home - Eleven Accounting\",\"isPartOf\":{\"@id\":\"https:\\\/\\\/elevenaccounting.com\\\/#website\"},\"primaryImageOfPage\":{\"@id\":\"https:\\\/\\\/elevenaccounting.com\\\/#primaryimage\"},\"image\":{\"@id\":\"https:\\\/\\\/elevenaccounting.com\\\/#primaryimage\"},\"thumbnailUrl\":\"https:\\\/\\\/elevenaccounting.com\\\/wp-content\\\/uploads\\\/2025\\\/09\\\/1.gif\",\"datePublished\":\"2020-09-17T07:31:09+00:00\",\"dateModified\":\"2025-09-12T20:35:12+00:00\",\"description\":\"Bookkeeping Services | QuickBooks Services | New Business Formation | We offer accounting services that support your business from the start-up phase and as it grows and develops into what you\u2019ve envisioned. At Eleven Accounting, we take the time to learn about your business and develop a plan tailored to suit your needs.\",\"breadcrumb\":{\"@id\":\"https:\\\/\\\/elevenaccounting.com\\\/#breadcrumb\"},\"inLanguage\":\"tr\",\"potentialAction\":[{\"@type\":\"ReadAction\",\"target\":[\"https:\\\/\\\/elevenaccounting.com\\\/\"]}]},{\"@type\":\"ImageObject\",\"inLanguage\":\"tr\",\"@id\":\"https:\\\/\\\/elevenaccounting.com\\\/#primaryimage\",\"url\":\"https:\\\/\\\/elevenaccounting.com\\\/wp-content\\\/uploads\\\/2025\\\/09\\\/1.gif\",\"contentUrl\":\"https:\\\/\\\/elevenaccounting.com\\\/wp-content\\\/uploads\\\/2025\\\/09\\\/1.gif\"},{\"@type\":\"BreadcrumbList\",\"@id\":\"https:\\\/\\\/elevenaccounting.com\\\/#breadcrumb\",\"itemListElement\":[{\"@type\":\"ListItem\",\"position\":1,\"name\":\"Home\",\"item\":\"https:\\\/\\\/elevenaccounting.com\\\/\"},{\"@type\":\"ListItem\",\"position\":2,\"name\":\"Home\"}]},{\"@type\":\"WebSite\",\"@id\":\"https:\\\/\\\/elevenaccounting.com\\\/#website\",\"url\":\"https:\\\/\\\/elevenaccounting.com\\\/\",\"name\":\"Eleven Accounting\",\"description\":\"\",\"publisher\":{\"@id\":\"https:\\\/\\\/elevenaccounting.com\\\/#organization\"},\"potentialAction\":[{\"@type\":\"SearchAction\",\"target\":{\"@type\":\"EntryPoint\",\"urlTemplate\":\"https:\\\/\\\/elevenaccounting.com\\\/?s={search_term_string}\"},\"query-input\":{\"@type\":\"PropertyValueSpecification\",\"valueRequired\":true,\"valueName\":\"search_term_string\"}}],\"inLanguage\":\"tr\"},{\"@type\":\"Organization\",\"@id\":\"https:\\\/\\\/elevenaccounting.com\\\/#organization\",\"name\":\"Eleven Accounting\",\"url\":\"https:\\\/\\\/elevenaccounting.com\\\/\",\"logo\":{\"@type\":\"ImageObject\",\"inLanguage\":\"tr\",\"@id\":\"https:\\\/\\\/elevenaccounting.com\\\/#\\\/schema\\\/logo\\\/image\\\/\",\"url\":\"https:\\\/\\\/elevenaccounting.com\\\/wp-content\\\/uploads\\\/2022\\\/04\\\/cropped-Original-1-1.png\",\"contentUrl\":\"https:\\\/\\\/elevenaccounting.com\\\/wp-content\\\/uploads\\\/2022\\\/04\\\/cropped-Original-1-1.png\",\"width\":512,\"height\":512,\"caption\":\"Eleven Accounting\"},\"image\":{\"@id\":\"https:\\\/\\\/elevenaccounting.com\\\/#\\\/schema\\\/logo\\\/image\\\/\"}}]}<\/script>\n<!-- \/ Yoast SEO plugin. -->","yoast_head_json":{"title":"Home - Eleven Accounting","description":"Bookkeeping Services | QuickBooks Services | New Business Formation | We offer accounting services that support your business from the start-up phase and as it grows and develops into what you\u2019ve envisioned. At Eleven Accounting, we take the time to learn about your business and develop a plan tailored to suit your needs.","robots":{"index":"index","follow":"follow","max-snippet":"max-snippet:-1","max-image-preview":"max-image-preview:large","max-video-preview":"max-video-preview:-1"},"canonical":"https:\/\/elevenaccounting.com\/tr\/","og_locale":"tr_TR","og_type":"article","og_title":"Home - Eleven Accounting","og_description":"Bookkeeping Services | QuickBooks Services | New Business Formation | We offer accounting services that support your business from the start-up phase and as it grows and develops into what you\u2019ve envisioned. At Eleven Accounting, we take the time to learn about your business and develop a plan tailored to suit your needs.","og_url":"https:\/\/elevenaccounting.com\/tr\/","og_site_name":"Eleven Accounting","article_modified_time":"2025-09-12T20:35:12+00:00","og_image":[{"url":"https:\/\/elevenaccounting.com\/wp-content\/uploads\/2025\/09\/1.gif","type":"","width":"","height":""}],"twitter_card":"summary_large_image","twitter_misc":{"Tahmini okuma s\u00fcresi":"2 dakika"},"schema":{"@context":"https:\/\/schema.org","@graph":[{"@type":"WebPage","@id":"https:\/\/elevenaccounting.com\/","url":"https:\/\/elevenaccounting.com\/","name":"Home - Eleven Accounting","isPartOf":{"@id":"https:\/\/elevenaccounting.com\/#website"},"primaryImageOfPage":{"@id":"https:\/\/elevenaccounting.com\/#primaryimage"},"image":{"@id":"https:\/\/elevenaccounting.com\/#primaryimage"},"thumbnailUrl":"https:\/\/elevenaccounting.com\/wp-content\/uploads\/2025\/09\/1.gif","datePublished":"2020-09-17T07:31:09+00:00","dateModified":"2025-09-12T20:35:12+00:00","description":"Bookkeeping Services | QuickBooks Services | New Business Formation | We offer accounting services that support your business from the start-up phase and as it grows and develops into what you\u2019ve envisioned. At Eleven Accounting, we take the time to learn about your business and develop a plan tailored to suit your needs.","breadcrumb":{"@id":"https:\/\/elevenaccounting.com\/#breadcrumb"},"inLanguage":"tr","potentialAction":[{"@type":"ReadAction","target":["https:\/\/elevenaccounting.com\/"]}]},{"@type":"ImageObject","inLanguage":"tr","@id":"https:\/\/elevenaccounting.com\/#primaryimage","url":"https:\/\/elevenaccounting.com\/wp-content\/uploads\/2025\/09\/1.gif","contentUrl":"https:\/\/elevenaccounting.com\/wp-content\/uploads\/2025\/09\/1.gif"},{"@type":"BreadcrumbList","@id":"https:\/\/elevenaccounting.com\/#breadcrumb","itemListElement":[{"@type":"ListItem","position":1,"name":"Home","item":"https:\/\/elevenaccounting.com\/"},{"@type":"ListItem","position":2,"name":"Home"}]},{"@type":"WebSite","@id":"https:\/\/elevenaccounting.com\/#website","url":"https:\/\/elevenaccounting.com\/","name":"Eleven Accounting","description":"","publisher":{"@id":"https:\/\/elevenaccounting.com\/#organization"},"potentialAction":[{"@type":"SearchAction","target":{"@type":"EntryPoint","urlTemplate":"https:\/\/elevenaccounting.com\/?s={search_term_string}"},"query-input":{"@type":"PropertyValueSpecification","valueRequired":true,"valueName":"search_term_string"}}],"inLanguage":"tr"},{"@type":"Organization","@id":"https:\/\/elevenaccounting.com\/#organization","name":"Eleven Accounting","url":"https:\/\/elevenaccounting.com\/","logo":{"@type":"ImageObject","inLanguage":"tr","@id":"https:\/\/elevenaccounting.com\/#\/schema\/logo\/image\/","url":"https:\/\/elevenaccounting.com\/wp-content\/uploads\/2022\/04\/cropped-Original-1-1.png","contentUrl":"https:\/\/elevenaccounting.com\/wp-content\/uploads\/2022\/04\/cropped-Original-1-1.png","width":512,"height":512,"caption":"Eleven Accounting"},"image":{"@id":"https:\/\/elevenaccounting.com\/#\/schema\/logo\/image\/"}}]}},"_links":{"self":[{"href":"https:\/\/elevenaccounting.com\/tr\/wp-json\/wp\/v2\/pages\/1376","targetHints":{"allow":["GET"]}}],"collection":[{"href":"https:\/\/elevenaccounting.com\/tr\/wp-json\/wp\/v2\/pages"}],"about":[{"href":"https:\/\/elevenaccounting.com\/tr\/wp-json\/wp\/v2\/types\/page"}],"author":[{"embeddable":true,"href":"https:\/\/elevenaccounting.com\/tr\/wp-json\/wp\/v2\/users\/1"}],"replies":[{"embeddable":true,"href":"https:\/\/elevenaccounting.com\/tr\/wp-json\/wp\/v2\/comments?post=1376"}],"version-history":[{"count":218,"href":"https:\/\/elevenaccounting.com\/tr\/wp-json\/wp\/v2\/pages\/1376\/revisions"}],"predecessor-version":[{"id":2962,"href":"https:\/\/elevenaccounting.com\/tr\/wp-json\/wp\/v2\/pages\/1376\/revisions\/2962"}],"wp:attachment":[{"href":"https:\/\/elevenaccounting.com\/tr\/wp-json\/wp\/v2\/media?parent=1376"}],"curies":[{"name":"wp","href":"https:\/\/api.w.org\/{rel}","templated":true}]}}